{"id":122,"date":"2019-01-02T14:26:29","date_gmt":"2019-01-02T13:26:29","guid":{"rendered":"http:\/\/just-in-travel.com\/?page_id=122"},"modified":"2022-10-24T14:52:08","modified_gmt":"2022-10-24T12:52:08","slug":"o-mnie","status":"publish","type":"page","link":"http:\/\/just-in-travel.com\/en\/o-mnie\/","title":{"rendered":"O mnie"},"content":{"rendered":"<div class=\"vc_row wpb_row vc_row-fluid\"><div class=\"wpb_column vc_column_container vc_col-sm-12\"><div class=\"vc_column-inner\"><div class=\"wpb_wrapper\"><div class=\"vc_row wpb_row vc_inner vc_row-fluid\"><div class=\"wpb_column vc_column_container vc_col-sm-12\"><div class=\"vc_column-inner\"><div class=\"wpb_wrapper\">\n\t<div  class=\"wpb_single_image wpb_content_element vc_align_center\">\n\t\t\n\t\t<figure class=\"wpb_wrapper vc_figure\">\n\t\t\t<div class=\"vc_single_image-wrapper   vc_box_border_grey\"><img width=\"1024\" height=\"512\" src=\"http:\/\/just-in-travel.com\/wp-content\/uploads\/2020\/04\/4-1-1024x512.jpg\" class=\"vc_single_image-img attachment-large\" alt=\"\" srcset=\"http:\/\/just-in-travel.com\/wp-content\/uploads\/2020\/04\/4-1-1024x512.jpg 1024w, http:\/\/just-in-travel.com\/wp-content\/uploads\/2020\/04\/4-1-300x150.jpg 300w, http:\/\/just-in-travel.com\/wp-content\/uploads\/2020\/04\/4-1-768x384.jpg 768w, http:\/\/just-in-travel.com\/wp-content\/uploads\/2020\/04\/4-1-1536x768.jpg 1536w, http:\/\/just-in-travel.com\/wp-content\/uploads\/2020\/04\/4-1-1170x585.jpg 1170w, http:\/\/just-in-travel.com\/wp-content\/uploads\/2020\/04\/4-1-1920x960.jpg 1920w, http:\/\/just-in-travel.com\/wp-content\/uploads\/2020\/04\/4-1-585x293.jpg 585w, http:\/\/just-in-travel.com\/wp-content\/uploads\/2020\/04\/4-1.jpg 2048w\" sizes=\"(max-width: 1024px) 100vw, 1024px\" \/><\/div>\n\t\t<\/figure>\n\t<\/div>\n<div class=\"vc_empty_space\"   style=\"height: 55px\" ><span class=\"vc_empty_space_inner\"><\/span><\/div>\n<\/div><\/div><\/div><\/div>\n\t<div class=\"wpb_text_column wpb_content_element\" >\n\t\t<div class=\"wpb_wrapper\">\n\t\t\t<p>Cze\u015b\u0107!<\/p>\n<p style=\"text-align: justify;\">Mam na imi\u0119 Justyna. Jestem zodiakalnym Baranem i cz\u0119sto gdzie\u015b mnie nosi, wi\u0119c w wolnym czasie podr\u00f3\u017cuj\u0119. Ka\u017cdy wyjazd jest dla mnie okazj\u0105 do zdobywania do\u015bwiadcze\u0144, odkrywania smak\u00f3w, poszerzania wiedzy, poznawania ludzi i samej siebie. Podr\u00f3\u017cuj\u0119 &#8230; od zawsze, a jest to konsekwencja ciekawo\u015bci \u015bwiata, jak\u0105 zaszczepili we mnie rodzice. Prze\u0142omowym w kszta\u0142towaniu si\u0119 mojej podr\u00f3\u017cniczej pasji by\u0142 wyjazd do Rzymu, gdy samodzielnie odkrywa\u0142am miasto spaceruj\u0105c bez mapy ani planu, nocowa\u0142am u dw\u00f3ch fantastycznych gospodarzy na Couchsurfingu, zagadywa\u0142am nieznajomych, a podczas Free Walking Touru pozna\u0142am ch\u0142opaka z Polski, z kt\u00f3rym po zako\u0144czonym zwiedzaniu siedzieli\u015bmy przy fontannie di Trevi, rozmawiaj\u0105c jakby\u015bmy znali si\u0119 od lat \ud83d\ude42 Dzi\u0119ki tej przygodzie przekona\u0142am si\u0119, \u017ce wsz\u0119dzie gdzie b\u0119d\u0119 dam sobie rad\u0119, a otwarto\u015b\u0107, szacunek do innych i u\u015bmiech maj\u0105 wielk\u0105 si\u0142\u0119.<\/p>\n<p style=\"text-align: justify;\">Od dawna kie\u0142kowa\u0142 mi w g\u0142owie pomys\u0142 by za\u0142o\u017cy\u0107 w\u0142asn\u0105 stron\u0119 internetow\u0105. Dla kogo? chyba g\u0142\u00f3wnie &#8230; dla samej siebie &#8211; by zatrzyma\u0107 wra\u017cenia, historie, czas.\u00a0 Wspomnienia zacz\u0119\u0142y si\u0119 zaciera\u0107. Pozosta\u0142y obrazy, jednak towarzysz\u0105ce im emocje i spostrze\u017cenia s\u0105 mniej wyra\u017ane. Teraz zostan\u0105 ze mn\u0105 d\u0142u\u017cej. Pracowa\u0142am nad stron\u0105 przez d\u0142ugi czas, bo wszystkiego uczy\u0142am si\u0119 sama. Jestem z siebie dumna! B\u0119dzie mi mi\u0142o, je\u015bli moje wpisy i zdj\u0119cia b\u0119d\u0119 dla Was zach\u0119t\u0105 do wyjazdu lub cho\u0107by pozwol\u0105 odby\u0107 podr\u00f3\u017c bez wychodzenia z domu.<\/p>\n<p>&nbsp;<\/p>\n\n\t\t<\/div>\n\t<\/div>\n<div class=\"vc_row wpb_row vc_inner vc_row-fluid\"><div class=\"wpb_column vc_column_container vc_col-sm-4\"><div class=\"vc_column-inner\"><div class=\"wpb_wrapper\">\n\t<div  class=\"wpb_single_image wpb_content_element vc_align_center\">\n\t\t\n\t\t<figure class=\"wpb_wrapper vc_figure\">\n\t\t\t<div class=\"vc_single_image-wrapper   vc_box_border_grey\"><img width=\"2048\" height=\"1280\" src=\"http:\/\/just-in-travel.com\/wp-content\/uploads\/2020\/04\/20190818_131021.jpg\" class=\"vc_single_image-img attachment-full\" alt=\"\" srcset=\"http:\/\/just-in-travel.com\/wp-content\/uploads\/2020\/04\/20190818_131021.jpg 2048w, http:\/\/just-in-travel.com\/wp-content\/uploads\/2020\/04\/20190818_131021-300x188.jpg 300w, http:\/\/just-in-travel.com\/wp-content\/uploads\/2020\/04\/20190818_131021-1024x640.jpg 1024w, http:\/\/just-in-travel.com\/wp-content\/uploads\/2020\/04\/20190818_131021-768x480.jpg 768w, http:\/\/just-in-travel.com\/wp-content\/uploads\/2020\/04\/20190818_131021-1536x960.jpg 1536w, http:\/\/just-in-travel.com\/wp-content\/uploads\/2020\/04\/20190818_131021-1170x731.jpg 1170w, http:\/\/just-in-travel.com\/wp-content\/uploads\/2020\/04\/20190818_131021-1920x1200.jpg 1920w, http:\/\/just-in-travel.com\/wp-content\/uploads\/2020\/04\/20190818_131021-585x366.jpg 585w\" sizes=\"(max-width: 2048px) 100vw, 2048px\" \/><\/div>\n\t\t<\/figure>\n\t<\/div>\n<\/div><\/div><\/div><div class=\"wpb_column vc_column_container vc_col-sm-4\"><div class=\"vc_column-inner\"><div class=\"wpb_wrapper\">\n\t<div  class=\"wpb_single_image wpb_content_element vc_align_center\">\n\t\t\n\t\t<figure class=\"wpb_wrapper vc_figure\">\n\t\t\t<div class=\"vc_single_image-wrapper   vc_box_border_grey\"><img width=\"2048\" height=\"1280\" src=\"http:\/\/just-in-travel.com\/wp-content\/uploads\/2020\/04\/DSC08232.jpg\" class=\"vc_single_image-img attachment-full\" alt=\"\" srcset=\"http:\/\/just-in-travel.com\/wp-content\/uploads\/2020\/04\/DSC08232.jpg 2048w, http:\/\/just-in-travel.com\/wp-content\/uploads\/2020\/04\/DSC08232-300x188.jpg 300w, http:\/\/just-in-travel.com\/wp-content\/uploads\/2020\/04\/DSC08232-1024x640.jpg 1024w, http:\/\/just-in-travel.com\/wp-content\/uploads\/2020\/04\/DSC08232-768x480.jpg 768w, http:\/\/just-in-travel.com\/wp-content\/uploads\/2020\/04\/DSC08232-1536x960.jpg 1536w, http:\/\/just-in-travel.com\/wp-content\/uploads\/2020\/04\/DSC08232-1170x731.jpg 1170w, http:\/\/just-in-travel.com\/wp-content\/uploads\/2020\/04\/DSC08232-1920x1200.jpg 1920w, http:\/\/just-in-travel.com\/wp-content\/uploads\/2020\/04\/DSC08232-585x366.jpg 585w\" sizes=\"(max-width: 2048px) 100vw, 2048px\" \/><\/div>\n\t\t<\/figure>\n\t<\/div>\n<\/div><\/div><\/div><div class=\"wpb_column vc_column_container vc_col-sm-4\"><div class=\"vc_column-inner\"><div class=\"wpb_wrapper\">\n\t<div  class=\"wpb_single_image wpb_content_element vc_align_center\">\n\t\t\n\t\t<figure class=\"wpb_wrapper vc_figure\">\n\t\t\t<div class=\"vc_single_image-wrapper   vc_box_border_grey\"><img width=\"2048\" height=\"1280\" src=\"http:\/\/just-in-travel.com\/wp-content\/uploads\/2020\/04\/20191104_185816.jpg\" class=\"vc_single_image-img attachment-full\" alt=\"\" srcset=\"http:\/\/just-in-travel.com\/wp-content\/uploads\/2020\/04\/20191104_185816.jpg 2048w, http:\/\/just-in-travel.com\/wp-content\/uploads\/2020\/04\/20191104_185816-300x188.jpg 300w, http:\/\/just-in-travel.com\/wp-content\/uploads\/2020\/04\/20191104_185816-1024x640.jpg 1024w, http:\/\/just-in-travel.com\/wp-content\/uploads\/2020\/04\/20191104_185816-768x480.jpg 768w, http:\/\/just-in-travel.com\/wp-content\/uploads\/2020\/04\/20191104_185816-1536x960.jpg 1536w, http:\/\/just-in-travel.com\/wp-content\/uploads\/2020\/04\/20191104_185816-1170x731.jpg 1170w, http:\/\/just-in-travel.com\/wp-content\/uploads\/2020\/04\/20191104_185816-1920x1200.jpg 1920w, http:\/\/just-in-travel.com\/wp-content\/uploads\/2020\/04\/20191104_185816-585x366.jpg 585w\" sizes=\"(max-width: 2048px) 100vw, 2048px\" \/><\/div>\n\t\t<\/figure>\n\t<\/div>\n<\/div><\/div><\/div><\/div><\/div><\/div><\/div><\/div><div class=\"vc_row wpb_row vc_row-fluid\"><div class=\"wpb_column vc_column_container vc_col-sm-12\"><div class=\"vc_column-inner\"><div class=\"wpb_wrapper\">\n\t<div class=\"wpb_text_column wpb_content_element\" >\n\t\t<div class=\"wpb_wrapper\">\n\t\t\t<p>Najbardziej lubi\u0119 podr\u00f3\u017cowa\u0107<\/p>\n<ul>\n<li>bez ci\u015bnienia &#8211; gdy mam ochot\u0119, czas i pieni\u0105dze, towarzystwo nie jest niezb\u0119dne<\/li>\n<li>z wypchanym po brzegi baga\u017cem podr\u0119cznym o wymiarach 55x40x20<\/li>\n<li>\u015bpi\u0105c w hostelu, schronisku lub na Couchsurfingu<\/li>\n<li>z butelk\u0105 filtruj\u0105c\u0105 na wod\u0119 i musami owocowymi pod r\u0119k\u0105<\/li>\n<li>coraz cz\u0119\u015bciej tam, gdzie jest \u015bwie\u017co i zielono, a nie ciasno i betonowo<\/li>\n<li>nie przep\u0142acaj\u0105c za wydatki drugorz\u0119dne tj. loty i noclegi<\/li>\n<li>z okularami przeciws\u0142onecznymi i zapasowym plecakiem<\/li>\n<\/ul>\n<p>&nbsp;<\/p>\n<p>Uwielbiam<\/p>\n<ul>\n<li>chodzi\u0107 boso<\/li>\n<li>zwiedza\u0107 zagraniczne sklepy spo\u017cywcze<\/li>\n<li>zapach bzu<\/li>\n<li>robi\u0107 zdj\u0119cia &#8211; wszystkiemu (kto mnie zna, ten wie)<\/li>\n<li>je\u015b\u0107 &lt;3<\/li>\n<li>szum morza &#8211; Ba\u0142tyk szumi najpi\u0119kniej<\/li>\n<li>filmy przyrodnicze BBC<\/li>\n<li>sp\u0119dza\u0107 czas w swoim w\u0142asnym towarzystwie<\/li>\n<li>Iron Maiden w wersji symfonicznej<\/li>\n<li>sch\u0142odzone Pinot Grigio<\/li>\n<\/ul>\n<p>&nbsp;<\/p>\n<p>Do tej pory<\/p>\n<ul>\n<li>odwiedzi\u0142am Stambu\u0142, o kt\u00f3rym to wyje\u017adzie marzy\u0142am od dawna<\/li>\n<li>odczarowa\u0142am mity na temat podr\u00f3\u017cowania w pojedynk\u0119<\/li>\n<li>p\u0142ywa\u0142am w Morzu Martwym<\/li>\n<li>do\u015bwiadczy\u0142am, jak wspania\u0142ych ludzi zrzesza Couchsurfingowa spo\u0142eczno\u015b\u0107<\/li>\n<li>polubi\u0142am tatara<\/li>\n<li>przekona\u0142am si\u0119 na w\u0142asnej sk\u00f3rze, \u017ce ludzie s\u0105 dobrzy, a u\u015bmiech otwiera wiele drzwi<\/li>\n<li>jad\u0142am w Dubaju najlepsze lody pistacjowe<\/li>\n<li>ogl\u0105da\u0142am magicznie rozgwie\u017cd\u017cone niebo z namiotu w Biszczadach<\/li>\n<\/ul>\n<p>&nbsp;<\/p>\n<p>Chcia\u0142abym<\/p>\n<ul>\n<li>zrobi\u0107 trekking w szkockich Highlands<\/li>\n<li><del>pop\u0142ywa\u0107 z Morzu Martwym<\/del><\/li>\n<li>nakarmi\u0107 pandy w Syczuanie<\/li>\n<li>przej\u015b\u0107 fragment szlaku pielgrzymkowego do Santiago de Compostella<\/li>\n<li><del>poleci\u0107 na paralotni <\/del><\/li>\n<li>ogl\u0105dn\u0105\u0107 wielk\u0105 migracj\u0119 zwierz\u0105t w Parku Serengeti<\/li>\n<li>pospacerowa\u0107 po bia\u0142ych klifach Seven Sisters<\/li>\n<li>skoczy\u0107 ze spadochronem<\/li>\n<li><del>mie\u0107 psa!<\/del><\/li>\n<li>mie\u0107 ma\u0142y domek z wielkimi oknami gdzie\u015b na ko\u0144cu \u015bwiata<\/li>\n<\/ul>\n\n\t\t<\/div>\n\t<\/div>\n<\/div><\/div><\/div><\/div>","protected":false},"excerpt":{"rendered":"Cze\u015b\u0107! Mam na imi\u0119 Justyna. Jestem zodiakalnym Baranem i cz\u0119sto gdzie\u015b mnie nosi, wi\u0119c w wolnym czasie podr\u00f3\u017cuj\u0119. Ka\u017cdy wyjazd jest dla&hellip;","protected":false},"author":1,"featured_media":0,"parent":0,"menu_order":0,"comment_status":"closed","ping_status":"closed","template":"page-penci-full-width.php","meta":{"_monsterinsights_skip_tracking":false,"_monsterinsights_sitenote_active":false,"_monsterinsights_sitenote_note":"","_monsterinsights_sitenote_category":0},"yoast_head":"<!-- This site is optimized with the Yoast SEO plugin v15.9 - https:\/\/yoast.com\/wordpress\/plugins\/seo\/ -->\n<title>O mnie - just in travel<\/title>\n<meta name=\"robots\" content=\"index, follow, max-snippet:-1, max-image-preview:large, max-video-preview:-1\" \/>\n<link rel=\"canonical\" href=\"http:\/\/just-in-travel.com\/en\/o-mnie\/\" \/>\n<meta property=\"og:locale\" content=\"en_US\" \/>\n<meta property=\"og:type\" content=\"article\" \/>\n<meta property=\"og:title\" content=\"O mnie - just in travel\" \/>\n<meta property=\"og:url\" content=\"http:\/\/just-in-travel.com\/en\/o-mnie\/\" \/>\n<meta property=\"og:site_name\" content=\"just in travel\" \/>\n<meta property=\"article:modified_time\" content=\"2022-10-24T12:52:08+00:00\" \/>\n<meta name=\"twitter:card\" content=\"summary_large_image\" \/>\n<meta name=\"twitter:label1\" content=\"Est. reading time\">\n\t<meta name=\"twitter:data1\" content=\"2 minutes\">\n<script type=\"application\/ld+json\" class=\"yoast-schema-graph\">{\"@context\":\"https:\/\/schema.org\",\"@graph\":[{\"@type\":[\"Person\",\"Organization\"],\"@id\":\"http:\/\/just-in-travel.com\/#\/schema\/person\/8d915ff5734546aea99f02b63364f04e\",\"name\":\"Justyna\",\"image\":{\"@type\":\"ImageObject\",\"@id\":\"http:\/\/just-in-travel.com\/#personlogo\",\"inLanguage\":\"en-US\",\"url\":\"http:\/\/1.gravatar.com\/avatar\/1dccce86459d7f16700aa1264c2aa2e3?s=96&d=mm&r=g\",\"caption\":\"Justyna\"},\"logo\":{\"@id\":\"http:\/\/just-in-travel.com\/#personlogo\"},\"description\":\"Cze\\u015b\\u0107, mam na imi\\u0119 Justyna i moj\\u0105 pasj\\u0105 s\\u0105 podr\\u00f3\\u017ce - zar\\u00f3wno te spontaniczne, w pojedynk\\u0119, bud\\u017cetowe, z plecakiem i couchsurfingowym noclegiem, jak i te bardziej zaawansowane :) Uwielbiam odkrywa\\u0107 nowe miejsca, poznawa\\u0107 ludzi i ... je\\u015b\\u0107 ! Ciesz\\u0119 si\\u0119, \\u017ce odwiedzasz moj\\u0105 stron\\u0119, zapraszam do wsp\\u00f3lnej podr\\u00f3\\u017cy :)\"},{\"@type\":\"WebSite\",\"@id\":\"http:\/\/just-in-travel.com\/#website\",\"url\":\"http:\/\/just-in-travel.com\/\",\"name\":\"just in travel\",\"description\":\"welcome\",\"publisher\":{\"@id\":\"http:\/\/just-in-travel.com\/#\/schema\/person\/8d915ff5734546aea99f02b63364f04e\"},\"potentialAction\":[{\"@type\":\"SearchAction\",\"target\":\"http:\/\/just-in-travel.com\/?s={search_term_string}\",\"query-input\":\"required name=search_term_string\"}],\"inLanguage\":\"en-US\"},{\"@type\":\"WebPage\",\"@id\":\"http:\/\/just-in-travel.com\/o-mnie\/#webpage\",\"url\":\"http:\/\/just-in-travel.com\/o-mnie\/\",\"name\":\"O mnie - just in travel\",\"isPartOf\":{\"@id\":\"http:\/\/just-in-travel.com\/#website\"},\"datePublished\":\"2019-01-02T13:26:29+00:00\",\"dateModified\":\"2022-10-24T12:52:08+00:00\",\"breadcrumb\":{\"@id\":\"http:\/\/just-in-travel.com\/o-mnie\/#breadcrumb\"},\"inLanguage\":\"en-US\",\"potentialAction\":[{\"@type\":\"ReadAction\",\"target\":[\"http:\/\/just-in-travel.com\/o-mnie\/\"]}]},{\"@type\":\"BreadcrumbList\",\"@id\":\"http:\/\/just-in-travel.com\/o-mnie\/#breadcrumb\",\"itemListElement\":[{\"@type\":\"ListItem\",\"position\":1,\"item\":{\"@type\":\"WebPage\",\"@id\":\"http:\/\/just-in-travel.com\/\",\"url\":\"http:\/\/just-in-travel.com\/\",\"name\":\"Strona g\\u0142\\u00f3wna\"}},{\"@type\":\"ListItem\",\"position\":2,\"item\":{\"@type\":\"WebPage\",\"@id\":\"http:\/\/just-in-travel.com\/o-mnie\/\",\"url\":\"http:\/\/just-in-travel.com\/o-mnie\/\",\"name\":\"O mnie\"}}]}]}<\/script>\n<!-- \/ Yoast SEO plugin. -->","_links":{"self":[{"href":"http:\/\/just-in-travel.com\/en\/wp-json\/wp\/v2\/pages\/122"}],"collection":[{"href":"http:\/\/just-in-travel.com\/en\/wp-json\/wp\/v2\/pages"}],"about":[{"href":"http:\/\/just-in-travel.com\/en\/wp-json\/wp\/v2\/types\/page"}],"author":[{"embeddable":true,"href":"http:\/\/just-in-travel.com\/en\/wp-json\/wp\/v2\/users\/1"}],"replies":[{"embeddable":true,"href":"http:\/\/just-in-travel.com\/en\/wp-json\/wp\/v2\/comments?post=122"}],"version-history":[{"count":80,"href":"http:\/\/just-in-travel.com\/en\/wp-json\/wp\/v2\/pages\/122\/revisions"}],"predecessor-version":[{"id":3227,"href":"http:\/\/just-in-travel.com\/en\/wp-json\/wp\/v2\/pages\/122\/revisions\/3227"}],"wp:attachment":[{"href":"http:\/\/just-in-travel.com\/en\/wp-json\/wp\/v2\/media?parent=122"}],"curies":[{"name":"wp","href":"https:\/\/api.w.org\/{rel}","templated":true}]}}