{"id":2147,"date":"2019-05-22T10:10:32","date_gmt":"2019-05-22T08:10:32","guid":{"rendered":"http:\/\/just-in-travel.com\/?page_id=2147"},"modified":"2019-05-25T21:44:14","modified_gmt":"2019-05-25T19:44:14","slug":"galeria","status":"publish","type":"page","link":"http:\/\/just-in-travel.com\/en\/galeria\/","title":{"rendered":"Galeria"},"content":{"rendered":"<div class=\"vc_row wpb_row vc_row-fluid\"><div class=\"wpb_column vc_column_container vc_col-sm-12\"><div class=\"vc_column-inner\"><div class=\"wpb_wrapper\">\n\t<div class=\"wpb_text_column wpb_content_element\" >\n\t\t<div class=\"wpb_wrapper\">\n\t\t\t<p style=\"text-align: center;\"><span style=\"color: #808080;\">Moja fotograficzna filozofia (w oryginale brzmi najlepiej)\u00a0<\/span><\/p>\n<p style=\"text-align: center;\"><strong><span style=\"color: #808080;\"><em>\u201eYou don&#8217;t make a photograph just with a camera. <\/em><em>You bring to the act of photography all the pictures you have seen,<\/em><\/span><\/strong><\/p>\n<p style=\"text-align: center;\"><strong><span style=\"color: #808080;\"><em>the books you have read, the music you have heard, the people you have loved.\u201c <\/em><\/span><\/strong><span style=\"color: #808080;\">Ansel Adams<\/span><\/p>\n\n\t\t<\/div>\n\t<\/div>\n<div class=\"vc_row wpb_row vc_inner vc_row-fluid\"><div class=\"wpb_column vc_column_container vc_col-sm-12\"><div class=\"vc_column-inner\"><div class=\"wpb_wrapper\"><div class=\"vc_separator wpb_content_element vc_separator_align_center vc_sep_width_100 vc_sep_pos_align_center vc_separator_no_text vc_sep_color_grey\" ><span class=\"vc_sep_holder vc_sep_holder_l\"><span  class=\"vc_sep_line\"><\/span><\/span><span class=\"vc_sep_holder vc_sep_holder_r\"><span  class=\"vc_sep_line\"><\/span><\/span>\n<\/div><\/div><\/div><\/div><\/div><\/div><\/div><\/div><\/div><div class=\"vc_row wpb_row vc_row-fluid\"><div class=\"wpb_column vc_column_container vc_col-sm-12\"><div class=\"vc_column-inner\"><div class=\"wpb_wrapper\">            <div id=\"penci-portfolio--32565\" class=\"wrapper-penci-portfolio\">\r\n\t\t\t\t\t\t\t\t\t\t\t\t\t                <div id=\"penci-portfolio--32565\"\r\n                     class=\"penci-portfolio penci-portfolio-wrap column-3 penci-portfolio-text_overlay\">\r\n                    <div class=\"inner-portfolio-posts\">\r\n\t\t\t\t\t\t\t\t\t\t\t\t\t                            <article class=\"portfolio-item\" id=\"portfolio-2492\"\r\n                                     data-pflid=\"2492\"\r\n                                     data-terms=\"\">\r\n                                <div class=\"inner-item-portfolio\">\r\n                                    <div class=\"info-portfolio\">\r\n                                        <div class=\"penci-portfolio-thumbnail\">\r\n\t\t\t\t\t\t\t\t\t\t\t                                            <a href=\"http:\/\/just-in-travel.com\/en\/portfolio\/2492\/\">\r\n\t\t\t\t\t\t\t\t\t\t\t\t\t\t\t\t\t\t\t\t\t\t\t\t\t<span class=\"penci-image-placeholder penci-lazy\" style=\"padding-bottom:66.6666667%;\" data-bgset=\"http:\/\/just-in-travel.com\/wp-content\/uploads\/2019\/10\/DSC02276-585x390.jpg\"><\/span>                                                <\/a>\r\n                                        <\/div>\r\n                                        <div class=\"portfolio-desc\">\r\n                                            <a href=\"http:\/\/just-in-travel.com\/en\/portfolio\/2492\/\">\r\n                                                <h3 class=\"portfolio-title\">W drodze na Szpiglasowy Szczyt<\/h3>\r\n\t\t\t\t\t\t\t\t\t\t\t\t                                            <\/a>\r\n                                        <\/div>\r\n                                    <\/div>\r\n                                <\/div>\r\n                            <\/article>\r\n\t\t\t\t\t\t\t\t\t\t\t\t\t                            <article class=\"portfolio-item\" id=\"portfolio-2491\"\r\n                                     data-pflid=\"2491\"\r\n                                     data-terms=\"\">\r\n                                <div class=\"inner-item-portfolio\">\r\n                                    <div class=\"info-portfolio\">\r\n                                        <div class=\"penci-portfolio-thumbnail\">\r\n\t\t\t\t\t\t\t\t\t\t\t                                            <a href=\"http:\/\/just-in-travel.com\/en\/portfolio\/magiczny-lwow\/\">\r\n\t\t\t\t\t\t\t\t\t\t\t\t\t\t\t\t\t\t\t\t\t\t\t\t\t<span class=\"penci-image-placeholder penci-lazy\" style=\"padding-bottom:66.6666667%;\" data-bgset=\"http:\/\/just-in-travel.com\/wp-content\/uploads\/2019\/10\/DSC07152-Edit-585x390.jpg\"><\/span>                                                <\/a>\r\n                                        <\/div>\r\n                                        <div class=\"portfolio-desc\">\r\n                                            <a href=\"http:\/\/just-in-travel.com\/en\/portfolio\/magiczny-lwow\/\">\r\n                                                <h3 class=\"portfolio-title\">Magiczny Lw\u00f3w<\/h3>\r\n\t\t\t\t\t\t\t\t\t\t\t\t                                            <\/a>\r\n                                        <\/div>\r\n                                    <\/div>\r\n                                <\/div>\r\n                            <\/article>\r\n\t\t\t\t\t\t\t\t\t\t\t\t\t                            <article class=\"portfolio-item\" id=\"portfolio-2489\"\r\n                                     data-pflid=\"2489\"\r\n                                     data-terms=\"\">\r\n                                <div class=\"inner-item-portfolio\">\r\n                                    <div class=\"info-portfolio\">\r\n                                        <div class=\"penci-portfolio-thumbnail\">\r\n\t\t\t\t\t\t\t\t\t\t\t                                            <a href=\"http:\/\/just-in-travel.com\/en\/portfolio\/2489\/\">\r\n\t\t\t\t\t\t\t\t\t\t\t\t\t\t\t\t\t\t\t\t\t\t\t\t\t<span class=\"penci-image-placeholder penci-lazy\" style=\"padding-bottom:66.6666667%;\" data-bgset=\"http:\/\/just-in-travel.com\/wp-content\/uploads\/2019\/10\/DSC08281-585x390.jpg\"><\/span>                                                <\/a>\r\n                                        <\/div>\r\n                                        <div class=\"portfolio-desc\">\r\n                                            <a href=\"http:\/\/just-in-travel.com\/en\/portfolio\/2489\/\">\r\n                                                <h3 class=\"portfolio-title\">Zima w Tatrach &#8211; Kalat\u00f3wki<\/h3>\r\n\t\t\t\t\t\t\t\t\t\t\t\t                                            <\/a>\r\n                                        <\/div>\r\n                                    <\/div>\r\n                                <\/div>\r\n                            <\/article>\r\n\t\t\t\t\t\t\t\t\t\t\t\t\t                            <article class=\"portfolio-item\" id=\"portfolio-2273\"\r\n                                     data-pflid=\"2273\"\r\n                                     data-terms=\"\">\r\n                                <div class=\"inner-item-portfolio\">\r\n                                    <div class=\"info-portfolio\">\r\n                                        <div class=\"penci-portfolio-thumbnail\">\r\n\t\t\t\t\t\t\t\t\t\t\t                                            <a href=\"http:\/\/just-in-travel.com\/en\/portfolio\/2273\/\">\r\n\t\t\t\t\t\t\t\t\t\t\t\t\t\t\t\t\t\t\t\t\t\t\t\t\t<span class=\"penci-image-placeholder penci-lazy\" style=\"padding-bottom:66.6666667%;\" data-bgset=\"http:\/\/just-in-travel.com\/wp-content\/uploads\/2019\/07\/DSC01067-Edit-585x390.jpg\"><\/span>                                                <\/a>\r\n                                        <\/div>\r\n                                        <div class=\"portfolio-desc\">\r\n                                            <a href=\"http:\/\/just-in-travel.com\/en\/portfolio\/2273\/\">\r\n                                                <h3 class=\"portfolio-title\">Zach\u00f3d s\u0142o\u0144ca w \u015awinouj\u015bciu<\/h3>\r\n\t\t\t\t\t\t\t\t\t\t\t\t                                            <\/a>\r\n                                        <\/div>\r\n                                    <\/div>\r\n                                <\/div>\r\n                            <\/article>\r\n\t\t\t\t\t\t\t\t\t\t\t\t\t                            <article class=\"portfolio-item\" id=\"portfolio-2268\"\r\n                                     data-pflid=\"2268\"\r\n                                     data-terms=\"\">\r\n                                <div class=\"inner-item-portfolio\">\r\n                                    <div class=\"info-portfolio\">\r\n                                        <div class=\"penci-portfolio-thumbnail\">\r\n\t\t\t\t\t\t\t\t\t\t\t                                            <a href=\"http:\/\/just-in-travel.com\/en\/portfolio\/2268\/\">\r\n\t\t\t\t\t\t\t\t\t\t\t\t\t\t\t\t\t\t\t\t\t\t\t\t\t<span class=\"penci-image-placeholder penci-lazy\" style=\"padding-bottom:66.6666667%;\" data-bgset=\"http:\/\/just-in-travel.com\/wp-content\/uploads\/2019\/07\/DSC04843-585x390.jpg\"><\/span>                                                <\/a>\r\n                                        <\/div>\r\n                                        <div class=\"portfolio-desc\">\r\n                                            <a href=\"http:\/\/just-in-travel.com\/en\/portfolio\/2268\/\">\r\n                                                <h3 class=\"portfolio-title\">Tulipany w Ogrodzie Keukenhof, Holandia<\/h3>\r\n\t\t\t\t\t\t\t\t\t\t\t\t                                            <\/a>\r\n                                        <\/div>\r\n                                    <\/div>\r\n                                <\/div>\r\n                            <\/article>\r\n\t\t\t\t\t\t\t\t\t\t\t\t\t                            <article class=\"portfolio-item\" id=\"portfolio-2263\"\r\n                                     data-pflid=\"2263\"\r\n                                     data-terms=\"\">\r\n                                <div class=\"inner-item-portfolio\">\r\n                                    <div class=\"info-portfolio\">\r\n                                        <div class=\"penci-portfolio-thumbnail\">\r\n\t\t\t\t\t\t\t\t\t\t\t                                            <a href=\"http:\/\/just-in-travel.com\/en\/portfolio\/na-styku-kontynentow-ciesnina-bosfor\/\">\r\n\t\t\t\t\t\t\t\t\t\t\t\t\t\t\t\t\t\t\t\t\t\t\t\t\t<span class=\"penci-image-placeholder penci-lazy\" style=\"padding-bottom:66.6666667%;\" data-bgset=\"http:\/\/just-in-travel.com\/wp-content\/uploads\/2019\/07\/DSC09370-585x390.jpg\"><\/span>                                                <\/a>\r\n                                        <\/div>\r\n                                        <div class=\"portfolio-desc\">\r\n                                            <a href=\"http:\/\/just-in-travel.com\/en\/portfolio\/na-styku-kontynentow-ciesnina-bosfor\/\">\r\n                                                <h3 class=\"portfolio-title\">Na styku kontynent\u00f3w &#8211; Cie\u015bnina Bosfor<\/h3>\r\n\t\t\t\t\t\t\t\t\t\t\t\t                                            <\/a>\r\n                                        <\/div>\r\n                                    <\/div>\r\n                                <\/div>\r\n                            <\/article>\r\n\t\t\t\t\t\t\t\t\t\t\t\t\t                            <article class=\"portfolio-item\" id=\"portfolio-2249\"\r\n                                     data-pflid=\"2249\"\r\n                                     data-terms=\"\">\r\n                                <div class=\"inner-item-portfolio\">\r\n                                    <div class=\"info-portfolio\">\r\n                                        <div class=\"penci-portfolio-thumbnail\">\r\n\t\t\t\t\t\t\t\t\t\t\t                                            <a href=\"http:\/\/just-in-travel.com\/en\/portfolio\/2249\/\">\r\n\t\t\t\t\t\t\t\t\t\t\t\t\t\t\t\t\t\t\t\t\t\t\t\t\t<span class=\"penci-image-placeholder penci-lazy\" style=\"padding-bottom:66.6666667%;\" data-bgset=\"http:\/\/just-in-travel.com\/wp-content\/uploads\/2019\/05\/DSC06613-585x390.jpg\"><\/span>                                                <\/a>\r\n                                        <\/div>\r\n                                        <div class=\"portfolio-desc\">\r\n                                            <a href=\"http:\/\/just-in-travel.com\/en\/portfolio\/2249\/\">\r\n                                                <h3 class=\"portfolio-title\">Lindos, wyspa Rodos<\/h3>\r\n\t\t\t\t\t\t\t\t\t\t\t\t                                            <\/a>\r\n                                        <\/div>\r\n                                    <\/div>\r\n                                <\/div>\r\n                            <\/article>\r\n\t\t\t\t\t\t\t\t\t\t\t\t\t                            <article class=\"portfolio-item\" id=\"portfolio-2185\"\r\n                                     data-pflid=\"2185\"\r\n                                     data-terms=\"\">\r\n                                <div class=\"inner-item-portfolio\">\r\n                                    <div class=\"info-portfolio\">\r\n                                        <div class=\"penci-portfolio-thumbnail\">\r\n\t\t\t\t\t\t\t\t\t\t\t                                            <a href=\"http:\/\/just-in-travel.com\/en\/portfolio\/2185\/\">\r\n\t\t\t\t\t\t\t\t\t\t\t\t\t\t\t\t\t\t\t\t\t\t\t\t\t<span class=\"penci-image-placeholder penci-lazy\" style=\"padding-bottom:66.6666667%;\" data-bgset=\"http:\/\/just-in-travel.com\/wp-content\/uploads\/2019\/05\/DSC02551-585x390.jpg\"><\/span>                                                <\/a>\r\n                                        <\/div>\r\n                                        <div class=\"portfolio-desc\">\r\n                                            <a href=\"http:\/\/just-in-travel.com\/en\/portfolio\/2185\/\">\r\n                                                <h3 class=\"portfolio-title\">Pomnik Pomordowanych \u017byd\u00f3w Europy w Berlinie<\/h3>\r\n\t\t\t\t\t\t\t\t\t\t\t\t                                            <\/a>\r\n                                        <\/div>\r\n                                    <\/div>\r\n                                <\/div>\r\n                            <\/article>\r\n\t\t\t\t\t\t\t\t\t\t\t\t\t                            <article class=\"portfolio-item\" id=\"portfolio-1839\"\r\n                                     data-pflid=\"1839\"\r\n                                     data-terms=\"\">\r\n                                <div class=\"inner-item-portfolio\">\r\n                                    <div class=\"info-portfolio\">\r\n                                        <div class=\"penci-portfolio-thumbnail\">\r\n\t\t\t\t\t\t\t\t\t\t\t                                            <a href=\"http:\/\/just-in-travel.com\/en\/portfolio\/portfolio-do-testowania\/\">\r\n\t\t\t\t\t\t\t\t\t\t\t\t\t\t\t\t\t\t\t\t\t\t\t\t\t<span class=\"penci-image-placeholder penci-lazy\" style=\"padding-bottom:66.6666667%;\" data-bgset=\"http:\/\/just-in-travel.com\/wp-content\/uploads\/2019\/01\/DSC05805-Edit-e1546940499296-585x390.jpg\"><\/span>                                                <\/a>\r\n                                        <\/div>\r\n                                        <div class=\"portfolio-desc\">\r\n                                            <a href=\"http:\/\/just-in-travel.com\/en\/portfolio\/portfolio-do-testowania\/\">\r\n                                                <h3 class=\"portfolio-title\">Austria &#8211; widok spod Kopalni Soli w Halstaat<\/h3>\r\n\t\t\t\t\t\t\t\t\t\t\t\t                                            <\/a>\r\n                                        <\/div>\r\n                                    <\/div>\r\n                                <\/div>\r\n                            <\/article>\r\n\t\t\t\t\t\t                    <\/div>\r\n                <\/div>\r\n\r\n                <div class=\"penci-pagenavi-shortcode\">\r\n\t\t\t\t\t                        <div class=\"penci-pagination penci-ajax-more penci-plf-loadmore penci-plf-more-click\">\r\n\r\n                            <a class=\"penci-ajax-more-button\" data-mes_no_more=\"Sorry, na tym koniec ;)\"data-mes=\"Za\u0142aduj wi\u0119cej post\u00f3w\">\r\n                                <span class=\"ajax-more-text\">Za\u0142aduj wi\u0119cej post\u00f3w<\/span>\r\n                                <span class=\"penci-pfl-ajaxdot\"><\/span>\r\n                            <\/a>\r\n                        <\/div>\r\n\r\n\t\t\t\t\t\t                <\/div>\r\n\t\t\t\t                <script type=\"text\/javascript\">\r\n                    portfolioDataJs.push( {\"instanceId\":\"penci-portfolio--32565\",\"atts\":{\"style\":\"grid\",\"pagination\":\"load_more\",\"numbermore\":\"9\",\"lightbox\":\"fasle\",\"number\":\"15\",\"all_text\":\"All\"},\"query\":{\"post_type\":\"portfolio\",\"posts_per_page\":\"15\",\"paged\":1},\"layout\":\"grid\",\"imagetype\":\"landscape\",\"count\":9,\"countByTerms\":[],\"currentTerm\":\"*\",\"currentTax\":\"portfolio-category\",\"lightbox\":\"fasle\"} );\r\n                <\/script>\r\n            <\/div>\r\n\r\n\t\t\t<\/div><\/div><\/div><\/div>","protected":false},"excerpt":{"rendered":"","protected":false},"author":1,"featured_media":0,"parent":0,"menu_order":0,"comment_status":"closed","ping_status":"closed","template":"page-vc.php","meta":{"_monsterinsights_skip_tracking":false,"_monsterinsights_sitenote_active":false,"_monsterinsights_sitenote_note":"","_monsterinsights_sitenote_category":0},"yoast_head":"<!-- This site is optimized with the Yoast SEO plugin v15.9 - https:\/\/yoast.com\/wordpress\/plugins\/seo\/ -->\n<title>Galeria - just in travel<\/title>\n<meta name=\"robots\" content=\"index, follow, max-snippet:-1, max-image-preview:large, max-video-preview:-1\" \/>\n<link rel=\"canonical\" href=\"http:\/\/just-in-travel.com\/en\/galeria\/\" \/>\n<meta property=\"og:locale\" content=\"en_US\" \/>\n<meta property=\"og:type\" content=\"article\" \/>\n<meta property=\"og:title\" content=\"Galeria - just in travel\" \/>\n<meta property=\"og:url\" content=\"http:\/\/just-in-travel.com\/en\/galeria\/\" \/>\n<meta property=\"og:site_name\" content=\"just in travel\" \/>\n<meta property=\"article:modified_time\" content=\"2019-05-25T19:44:14+00:00\" \/>\n<meta name=\"twitter:card\" content=\"summary_large_image\" \/>\n<script type=\"application\/ld+json\" class=\"yoast-schema-graph\">{\"@context\":\"https:\/\/schema.org\",\"@graph\":[{\"@type\":[\"Person\",\"Organization\"],\"@id\":\"http:\/\/just-in-travel.com\/#\/schema\/person\/8d915ff5734546aea99f02b63364f04e\",\"name\":\"Justyna\",\"image\":{\"@type\":\"ImageObject\",\"@id\":\"http:\/\/just-in-travel.com\/#personlogo\",\"inLanguage\":\"en-US\",\"url\":\"http:\/\/1.gravatar.com\/avatar\/1dccce86459d7f16700aa1264c2aa2e3?s=96&d=mm&r=g\",\"caption\":\"Justyna\"},\"logo\":{\"@id\":\"http:\/\/just-in-travel.com\/#personlogo\"},\"description\":\"Cze\\u015b\\u0107, mam na imi\\u0119 Justyna i moj\\u0105 pasj\\u0105 s\\u0105 podr\\u00f3\\u017ce - zar\\u00f3wno te spontaniczne, w pojedynk\\u0119, bud\\u017cetowe, z plecakiem i couchsurfingowym noclegiem, jak i te bardziej zaawansowane :) Uwielbiam odkrywa\\u0107 nowe miejsca, poznawa\\u0107 ludzi i ... je\\u015b\\u0107 ! Ciesz\\u0119 si\\u0119, \\u017ce odwiedzasz moj\\u0105 stron\\u0119, zapraszam do wsp\\u00f3lnej podr\\u00f3\\u017cy :)\"},{\"@type\":\"WebSite\",\"@id\":\"http:\/\/just-in-travel.com\/#website\",\"url\":\"http:\/\/just-in-travel.com\/\",\"name\":\"just in travel\",\"description\":\"welcome\",\"publisher\":{\"@id\":\"http:\/\/just-in-travel.com\/#\/schema\/person\/8d915ff5734546aea99f02b63364f04e\"},\"potentialAction\":[{\"@type\":\"SearchAction\",\"target\":\"http:\/\/just-in-travel.com\/?s={search_term_string}\",\"query-input\":\"required name=search_term_string\"}],\"inLanguage\":\"en-US\"},{\"@type\":\"WebPage\",\"@id\":\"http:\/\/just-in-travel.com\/galeria\/#webpage\",\"url\":\"http:\/\/just-in-travel.com\/galeria\/\",\"name\":\"Galeria - just in travel\",\"isPartOf\":{\"@id\":\"http:\/\/just-in-travel.com\/#website\"},\"datePublished\":\"2019-05-22T08:10:32+00:00\",\"dateModified\":\"2019-05-25T19:44:14+00:00\",\"breadcrumb\":{\"@id\":\"http:\/\/just-in-travel.com\/galeria\/#breadcrumb\"},\"inLanguage\":\"en-US\",\"potentialAction\":[{\"@type\":\"ReadAction\",\"target\":[\"http:\/\/just-in-travel.com\/galeria\/\"]}]},{\"@type\":\"BreadcrumbList\",\"@id\":\"http:\/\/just-in-travel.com\/galeria\/#breadcrumb\",\"itemListElement\":[{\"@type\":\"ListItem\",\"position\":1,\"item\":{\"@type\":\"WebPage\",\"@id\":\"http:\/\/just-in-travel.com\/\",\"url\":\"http:\/\/just-in-travel.com\/\",\"name\":\"Strona g\\u0142\\u00f3wna\"}},{\"@type\":\"ListItem\",\"position\":2,\"item\":{\"@type\":\"WebPage\",\"@id\":\"http:\/\/just-in-travel.com\/galeria\/\",\"url\":\"http:\/\/just-in-travel.com\/galeria\/\",\"name\":\"Galeria\"}}]}]}<\/script>\n<!-- \/ Yoast SEO plugin. -->","_links":{"self":[{"href":"http:\/\/just-in-travel.com\/en\/wp-json\/wp\/v2\/pages\/2147"}],"collection":[{"href":"http:\/\/just-in-travel.com\/en\/wp-json\/wp\/v2\/pages"}],"about":[{"href":"http:\/\/just-in-travel.com\/en\/wp-json\/wp\/v2\/types\/page"}],"author":[{"embeddable":true,"href":"http:\/\/just-in-travel.com\/en\/wp-json\/wp\/v2\/users\/1"}],"replies":[{"embeddable":true,"href":"http:\/\/just-in-travel.com\/en\/wp-json\/wp\/v2\/comments?post=2147"}],"version-history":[{"count":9,"href":"http:\/\/just-in-travel.com\/en\/wp-json\/wp\/v2\/pages\/2147\/revisions"}],"predecessor-version":[{"id":2186,"href":"http:\/\/just-in-travel.com\/en\/wp-json\/wp\/v2\/pages\/2147\/revisions\/2186"}],"wp:attachment":[{"href":"http:\/\/just-in-travel.com\/en\/wp-json\/wp\/v2\/media?parent=2147"}],"curies":[{"name":"wp","href":"https:\/\/api.w.org\/{rel}","templated":true}]}}